{"id":215,"date":"2018-11-14T10:03:18","date_gmt":"2018-11-14T12:03:18","guid":{"rendered":"http:\/\/olharpeloproximo.com.br\/site\/?page_id=215"},"modified":"2018-11-26T15:28:03","modified_gmt":"2018-11-26T17:28:03","slug":"sobre-nos","status":"publish","type":"page","link":"https:\/\/olharpeloproximo.com.br\/site\/sobre-nos\/","title":{"rendered":"SOBRE N\u00d3S"},"content":{"rendered":"\t\t<div data-elementor-type=\"wp-post\" data-elementor-id=\"215\" class=\"elementor elementor-215 elementor-bc-flex-widget\" data-elementor-post-type=\"page\">\n\t\t\t\t\t\t<section class=\"elementor-section elementor-top-section elementor-element elementor-element-44b36249 elementor-section-content-middle elementor-section-boxed elementor-section-height-default elementor-section-height-default\" data-id=\"44b36249\" data-element_type=\"section\" data-settings=\"{&quot;background_background&quot;:&quot;classic&quot;,&quot;shape_divider_top&quot;:&quot;mountains&quot;}\">\n\t\t\t\t\t<div class=\"elementor-shape elementor-shape-top\" data-negative=\"false\">\n\t\t\t<svg xmlns=\"http:\/\/www.w3.org\/2000\/svg\" viewBox=\"0 0 1000 100\" preserveAspectRatio=\"none\">\n\t<path class=\"elementor-shape-fill\" opacity=\"0.33\" d=\"M473,67.3c-203.9,88.3-263.1-34-320.3,0C66,119.1,0,59.7,0,59.7V0h1000v59.7 c0,0-62.1,26.1-94.9,29.3c-32.8,3.3-62.8-12.3-75.8-22.1C806,49.6,745.3,8.7,694.9,4.7S492.4,59,473,67.3z\"\/>\n\t<path class=\"elementor-shape-fill\" opacity=\"0.66\" d=\"M734,67.3c-45.5,0-77.2-23.2-129.1-39.1c-28.6-8.7-150.3-10.1-254,39.1 s-91.7-34.4-149.2,0C115.7,118.3,0,39.8,0,39.8V0h1000v36.5c0,0-28.2-18.5-92.1-18.5C810.2,18.1,775.7,67.3,734,67.3z\"\/>\n\t<path class=\"elementor-shape-fill\" d=\"M766.1,28.9c-200-57.5-266,65.5-395.1,19.5C242,1.8,242,5.4,184.8,20.6C128,35.8,132.3,44.9,89.9,52.5C28.6,63.7,0,0,0,0 h1000c0,0-9.9,40.9-83.6,48.1S829.6,47,766.1,28.9z\"\/>\n<\/svg>\t\t<\/div>\n\t\t\t\t\t<div class=\"elementor-container elementor-column-gap-no\">\n\t\t\t\t\t<div class=\"elementor-column elementor-col-33 elementor-top-column elementor-element elementor-element-2663337b\" data-id=\"2663337b\" data-element_type=\"column\">\n\t\t\t<div class=\"elementor-widget-wrap elementor-element-populated\">\n\t\t\t\t\t\t<div class=\"elementor-element elementor-element-34b5eced elementor-widget elementor-widget-heading\" data-id=\"34b5eced\" data-element_type=\"widget\" data-widget_type=\"heading.default\">\n\t\t\t\t<div class=\"elementor-widget-container\">\n\t\t\t<h2 class=\"elementor-heading-title elementor-size-default\">Somos a Olhar pelo Pr\u00f3ximo<\/h2>\t\t<\/div>\n\t\t\t\t<\/div>\n\t\t\t\t<div class=\"elementor-element elementor-element-754b5288 elementor-widget elementor-widget-text-editor\" data-id=\"754b5288\" data-element_type=\"widget\" data-widget_type=\"text-editor.default\">\n\t\t\t\t<div class=\"elementor-widget-container\">\n\t\t\t\t\t\t\t<p>Somos uma Associa\u00e7\u00e3o criada no estado de Goi\u00e1s, com o intuito de atender a popula\u00e7\u00e3o carente na \u00e1rea de oftalmologia, fomentamos parcerias e ideias inovadoras para que toda a estrutura de exames e consultas cheguem aos lugares mais distantes do Brasil.<\/p>\t\t\t\t\t\t<\/div>\n\t\t\t\t<\/div>\n\t\t\t\t<div class=\"elementor-element elementor-element-50ad2ee7 elementor-align-left elementor-mobile-align-center elementor-widget elementor-widget-button\" data-id=\"50ad2ee7\" data-element_type=\"widget\" data-widget_type=\"button.default\">\n\t\t\t\t<div class=\"elementor-widget-container\">\n\t\t\t\t\t<div class=\"elementor-button-wrapper\">\n\t\t\t<a class=\"elementor-button elementor-button-link elementor-size-md\" href=\"#contato\">\n\t\t\t\t\t\t<span class=\"elementor-button-content-wrapper\">\n\t\t\t\t\t\t\t\t\t<span class=\"elementor-button-text\">SOLICITE UMA VISITA<\/span>\n\t\t\t\t\t<\/span>\n\t\t\t\t\t<\/a>\n\t\t<\/div>\n\t\t\t\t<\/div>\n\t\t\t\t<\/div>\n\t\t\t\t\t<\/div>\n\t\t<\/div>\n\t\t\t\t<div class=\"elementor-column elementor-col-33 elementor-top-column elementor-element elementor-element-2aa585b4\" data-id=\"2aa585b4\" data-element_type=\"column\">\n\t\t\t<div class=\"elementor-widget-wrap elementor-element-populated\">\n\t\t\t\t\t\t<div class=\"elementor-element elementor-element-47623de3 elementor-widget elementor-widget-image\" data-id=\"47623de3\" data-element_type=\"widget\" data-widget_type=\"image.default\">\n\t\t\t\t<div class=\"elementor-widget-container\">\n\t\t\t\t\t\t\t\t\t\t\t\t\t<img fetchpriority=\"high\" decoding=\"async\" width=\"304\" height=\"366\" src=\"https:\/\/olharpeloproximo.com.br\/site\/wp-content\/uploads\/2018\/11\/olhar-exame-01.jpg\" class=\"elementor-animation-grow attachment-full size-full wp-image-48\" alt=\"\" srcset=\"https:\/\/olharpeloproximo.com.br\/site\/wp-content\/uploads\/2018\/11\/olhar-exame-01.jpg 304w, https:\/\/olharpeloproximo.com.br\/site\/wp-content\/uploads\/2018\/11\/olhar-exame-01-249x300.jpg 249w\" sizes=\"(max-width: 304px) 100vw, 304px\" \/>\t\t\t\t\t\t\t\t\t\t\t\t\t<\/div>\n\t\t\t\t<\/div>\n\t\t\t\t<div class=\"elementor-element elementor-element-4745b7c1 elementor-widget elementor-widget-text-editor\" data-id=\"4745b7c1\" data-element_type=\"widget\" data-widget_type=\"text-editor.default\">\n\t\t\t\t<div class=\"elementor-widget-container\">\n\t\t\t\t\t\t\t<p>A ideia \u00e9 atingir o maior n\u00famero de habitantes por m\u00e9dico oftalmologista nas regi\u00f5es brasileiras e assim contribuir para a redu\u00e7\u00e3o dos \u00edndices de problemas de sa\u00fade visuais.\u00a0<\/p>\t\t\t\t\t\t<\/div>\n\t\t\t\t<\/div>\n\t\t\t\t\t<\/div>\n\t\t<\/div>\n\t\t\t\t<div class=\"elementor-column elementor-col-33 elementor-top-column elementor-element elementor-element-579c3703\" data-id=\"579c3703\" data-element_type=\"column\">\n\t\t\t<div class=\"elementor-widget-wrap elementor-element-populated\">\n\t\t\t\t\t\t<div class=\"elementor-element elementor-element-2f52a7c5 elementor-widget elementor-widget-text-editor\" data-id=\"2f52a7c5\" data-element_type=\"widget\" data-widget_type=\"text-editor.default\">\n\t\t\t\t<div class=\"elementor-widget-container\">\n\t\t\t\t\t\t\t<p>Para isso, contamos com profissionais altamente capacitados, equipe completa para atender os mais diversos casos e complexidades.<\/p>\t\t\t\t\t\t<\/div>\n\t\t\t\t<\/div>\n\t\t\t\t<div class=\"elementor-element elementor-element-5cb8f5c9 elementor-widget elementor-widget-image\" data-id=\"5cb8f5c9\" data-element_type=\"widget\" data-widget_type=\"image.default\">\n\t\t\t\t<div class=\"elementor-widget-container\">\n\t\t\t\t\t\t\t\t\t\t\t\t\t<img decoding=\"async\" width=\"449\" height=\"604\" src=\"https:\/\/olharpeloproximo.com.br\/site\/wp-content\/uploads\/2018\/11\/olhar-exame-02.jpg\" class=\"elementor-animation-grow attachment-full size-full wp-image-62\" alt=\"\" srcset=\"https:\/\/olharpeloproximo.com.br\/site\/wp-content\/uploads\/2018\/11\/olhar-exame-02.jpg 449w, https:\/\/olharpeloproximo.com.br\/site\/wp-content\/uploads\/2018\/11\/olhar-exame-02-223x300.jpg 223w\" sizes=\"(max-width: 449px) 100vw, 449px\" \/>\t\t\t\t\t\t\t\t\t\t\t\t\t<\/div>\n\t\t\t\t<\/div>\n\t\t\t\t\t<\/div>\n\t\t<\/div>\n\t\t\t\t\t<\/div>\n\t\t<\/section>\n\t\t\t\t<section class=\"elementor-section elementor-top-section elementor-element elementor-element-d12a17d elementor-section-boxed elementor-section-height-default elementor-section-height-default\" data-id=\"d12a17d\" data-element_type=\"section\">\n\t\t\t\t\t\t<div class=\"elementor-container elementor-column-gap-default\">\n\t\t\t\t\t<div class=\"elementor-column elementor-col-100 elementor-top-column elementor-element elementor-element-54663441\" data-id=\"54663441\" data-element_type=\"column\">\n\t\t\t<div class=\"elementor-widget-wrap elementor-element-populated\">\n\t\t\t\t\t\t<div class=\"elementor-element elementor-element-3cc8b6f2 gallery-spacing-custom elementor-invisible elementor-widget elementor-widget-image-gallery\" data-id=\"3cc8b6f2\" data-element_type=\"widget\" data-settings=\"{&quot;_animation&quot;:&quot;fadeIn&quot;}\" data-widget_type=\"image-gallery.default\">\n\t\t\t\t<div class=\"elementor-widget-container\">\n\t\t\t\t\t<div class=\"elementor-image-gallery\">\n\t\t\t<div id='gallery-1' class='gallery galleryid-215 gallery-columns-8 gallery-size-medium'><figure class='gallery-item'>\n\t\t\t<div class='gallery-icon landscape'>\n\t\t\t\t<a data-elementor-open-lightbox=\"yes\" data-elementor-lightbox-slideshow=\"3cc8b6f2\" data-elementor-lightbox-title=\"cabrob\u00f3-93\" data-e-action-hash=\"#elementor-action%3Aaction%3Dlightbox%26settings%3DeyJpZCI6MTYwLCJ1cmwiOiJodHRwczpcL1wvb2xoYXJwZWxvcHJveGltby5jb20uYnJcL3NpdGVcL3dwLWNvbnRlbnRcL3VwbG9hZHNcLzIwMThcLzExXC9jYWJyb2JcdTAwZjMtOTMuanBnIiwic2xpZGVzaG93IjoiM2NjOGI2ZjIifQ%3D%3D\" href='https:\/\/olharpeloproximo.com.br\/site\/wp-content\/uploads\/2018\/11\/cabrob\u00f3-93.jpg'><img width=\"300\" height=\"200\" src=\"https:\/\/olharpeloproximo.com.br\/site\/wp-content\/uploads\/2018\/11\/cabrob\u00f3-93-300x200.jpg\" class=\"attachment-medium size-medium\" alt=\"\" decoding=\"async\" srcset=\"https:\/\/olharpeloproximo.com.br\/site\/wp-content\/uploads\/2018\/11\/cabrob\u00f3-93-300x200.jpg 300w, https:\/\/olharpeloproximo.com.br\/site\/wp-content\/uploads\/2018\/11\/cabrob\u00f3-93-768x512.jpg 768w, https:\/\/olharpeloproximo.com.br\/site\/wp-content\/uploads\/2018\/11\/cabrob\u00f3-93-1024x683.jpg 1024w, https:\/\/olharpeloproximo.com.br\/site\/wp-content\/uploads\/2018\/11\/cabrob\u00f3-93.jpg 1050w\" sizes=\"(max-width: 300px) 100vw, 300px\" \/><\/a>\n\t\t\t<\/div><\/figure><figure class='gallery-item'>\n\t\t\t<div class='gallery-icon landscape'>\n\t\t\t\t<a data-elementor-open-lightbox=\"yes\" data-elementor-lightbox-slideshow=\"3cc8b6f2\" data-elementor-lightbox-title=\"cabrob\u00f3-37\" data-e-action-hash=\"#elementor-action%3Aaction%3Dlightbox%26settings%3DeyJpZCI6MTU1LCJ1cmwiOiJodHRwczpcL1wvb2xoYXJwZWxvcHJveGltby5jb20uYnJcL3NpdGVcL3dwLWNvbnRlbnRcL3VwbG9hZHNcLzIwMThcLzExXC9jYWJyb2JcdTAwZjMtMzcuanBnIiwic2xpZGVzaG93IjoiM2NjOGI2ZjIifQ%3D%3D\" href='https:\/\/olharpeloproximo.com.br\/site\/wp-content\/uploads\/2018\/11\/cabrob\u00f3-37.jpg'><img loading=\"lazy\" width=\"300\" height=\"200\" src=\"https:\/\/olharpeloproximo.com.br\/site\/wp-content\/uploads\/2018\/11\/cabrob\u00f3-37-300x200.jpg\" class=\"attachment-medium size-medium\" alt=\"\" decoding=\"async\" srcset=\"https:\/\/olharpeloproximo.com.br\/site\/wp-content\/uploads\/2018\/11\/cabrob\u00f3-37-300x200.jpg 300w, https:\/\/olharpeloproximo.com.br\/site\/wp-content\/uploads\/2018\/11\/cabrob\u00f3-37-768x512.jpg 768w, https:\/\/olharpeloproximo.com.br\/site\/wp-content\/uploads\/2018\/11\/cabrob\u00f3-37-1024x683.jpg 1024w, https:\/\/olharpeloproximo.com.br\/site\/wp-content\/uploads\/2018\/11\/cabrob\u00f3-37.jpg 1050w\" sizes=\"(max-width: 300px) 100vw, 300px\" \/><\/a>\n\t\t\t<\/div><\/figure><figure class='gallery-item'>\n\t\t\t<div class='gallery-icon landscape'>\n\t\t\t\t<a data-elementor-open-lightbox=\"yes\" data-elementor-lightbox-slideshow=\"3cc8b6f2\" data-elementor-lightbox-title=\"cabrob\u00f3-90\" data-e-action-hash=\"#elementor-action%3Aaction%3Dlightbox%26settings%3DeyJpZCI6MTU2LCJ1cmwiOiJodHRwczpcL1wvb2xoYXJwZWxvcHJveGltby5jb20uYnJcL3NpdGVcL3dwLWNvbnRlbnRcL3VwbG9hZHNcLzIwMThcLzExXC9jYWJyb2JcdTAwZjMtOTAuanBnIiwic2xpZGVzaG93IjoiM2NjOGI2ZjIifQ%3D%3D\" href='https:\/\/olharpeloproximo.com.br\/site\/wp-content\/uploads\/2018\/11\/cabrob\u00f3-90.jpg'><img loading=\"lazy\" width=\"300\" height=\"200\" src=\"https:\/\/olharpeloproximo.com.br\/site\/wp-content\/uploads\/2018\/11\/cabrob\u00f3-90-300x200.jpg\" class=\"attachment-medium size-medium\" alt=\"\" decoding=\"async\" srcset=\"https:\/\/olharpeloproximo.com.br\/site\/wp-content\/uploads\/2018\/11\/cabrob\u00f3-90-300x200.jpg 300w, https:\/\/olharpeloproximo.com.br\/site\/wp-content\/uploads\/2018\/11\/cabrob\u00f3-90-768x512.jpg 768w, https:\/\/olharpeloproximo.com.br\/site\/wp-content\/uploads\/2018\/11\/cabrob\u00f3-90-1024x683.jpg 1024w, https:\/\/olharpeloproximo.com.br\/site\/wp-content\/uploads\/2018\/11\/cabrob\u00f3-90.jpg 1050w\" sizes=\"(max-width: 300px) 100vw, 300px\" \/><\/a>\n\t\t\t<\/div><\/figure><figure class='gallery-item'>\n\t\t\t<div class='gallery-icon landscape'>\n\t\t\t\t<a data-elementor-open-lightbox=\"yes\" data-elementor-lightbox-slideshow=\"3cc8b6f2\" data-elementor-lightbox-title=\"cabrob\u00f3-1\" data-e-action-hash=\"#elementor-action%3Aaction%3Dlightbox%26settings%3DeyJpZCI6MTQ4LCJ1cmwiOiJodHRwczpcL1wvb2xoYXJwZWxvcHJveGltby5jb20uYnJcL3NpdGVcL3dwLWNvbnRlbnRcL3VwbG9hZHNcLzIwMThcLzExXC9jYWJyb2JcdTAwZjMtMS5qcGciLCJzbGlkZXNob3ciOiIzY2M4YjZmMiJ9\" href='https:\/\/olharpeloproximo.com.br\/site\/wp-content\/uploads\/2018\/11\/cabrob\u00f3-1.jpg'><img loading=\"lazy\" width=\"300\" height=\"200\" src=\"https:\/\/olharpeloproximo.com.br\/site\/wp-content\/uploads\/2018\/11\/cabrob\u00f3-1-300x200.jpg\" class=\"attachment-medium size-medium\" alt=\"\" decoding=\"async\" srcset=\"https:\/\/olharpeloproximo.com.br\/site\/wp-content\/uploads\/2018\/11\/cabrob\u00f3-1-300x200.jpg 300w, https:\/\/olharpeloproximo.com.br\/site\/wp-content\/uploads\/2018\/11\/cabrob\u00f3-1-768x512.jpg 768w, https:\/\/olharpeloproximo.com.br\/site\/wp-content\/uploads\/2018\/11\/cabrob\u00f3-1-1024x683.jpg 1024w, https:\/\/olharpeloproximo.com.br\/site\/wp-content\/uploads\/2018\/11\/cabrob\u00f3-1.jpg 1050w\" sizes=\"(max-width: 300px) 100vw, 300px\" \/><\/a>\n\t\t\t<\/div><\/figure><figure class='gallery-item'>\n\t\t\t<div class='gallery-icon landscape'>\n\t\t\t\t<a data-elementor-open-lightbox=\"yes\" data-elementor-lightbox-slideshow=\"3cc8b6f2\" data-elementor-lightbox-title=\"cabrob\u00f3-11\" data-e-action-hash=\"#elementor-action%3Aaction%3Dlightbox%26settings%3DeyJpZCI6MTQ5LCJ1cmwiOiJodHRwczpcL1wvb2xoYXJwZWxvcHJveGltby5jb20uYnJcL3NpdGVcL3dwLWNvbnRlbnRcL3VwbG9hZHNcLzIwMThcLzExXC9jYWJyb2JcdTAwZjMtMTEuanBnIiwic2xpZGVzaG93IjoiM2NjOGI2ZjIifQ%3D%3D\" href='https:\/\/olharpeloproximo.com.br\/site\/wp-content\/uploads\/2018\/11\/cabrob\u00f3-11.jpg'><img loading=\"lazy\" width=\"300\" height=\"200\" src=\"https:\/\/olharpeloproximo.com.br\/site\/wp-content\/uploads\/2018\/11\/cabrob\u00f3-11-300x200.jpg\" class=\"attachment-medium size-medium\" alt=\"\" decoding=\"async\" srcset=\"https:\/\/olharpeloproximo.com.br\/site\/wp-content\/uploads\/2018\/11\/cabrob\u00f3-11-300x200.jpg 300w, https:\/\/olharpeloproximo.com.br\/site\/wp-content\/uploads\/2018\/11\/cabrob\u00f3-11-768x512.jpg 768w, https:\/\/olharpeloproximo.com.br\/site\/wp-content\/uploads\/2018\/11\/cabrob\u00f3-11-1024x683.jpg 1024w, https:\/\/olharpeloproximo.com.br\/site\/wp-content\/uploads\/2018\/11\/cabrob\u00f3-11.jpg 1050w\" sizes=\"(max-width: 300px) 100vw, 300px\" \/><\/a>\n\t\t\t<\/div><\/figure><figure class='gallery-item'>\n\t\t\t<div class='gallery-icon landscape'>\n\t\t\t\t<a data-elementor-open-lightbox=\"yes\" data-elementor-lightbox-slideshow=\"3cc8b6f2\" data-elementor-lightbox-title=\"cabrob\u00f3-18\" data-e-action-hash=\"#elementor-action%3Aaction%3Dlightbox%26settings%3DeyJpZCI6MTUwLCJ1cmwiOiJodHRwczpcL1wvb2xoYXJwZWxvcHJveGltby5jb20uYnJcL3NpdGVcL3dwLWNvbnRlbnRcL3VwbG9hZHNcLzIwMThcLzExXC9jYWJyb2JcdTAwZjMtMTguanBnIiwic2xpZGVzaG93IjoiM2NjOGI2ZjIifQ%3D%3D\" href='https:\/\/olharpeloproximo.com.br\/site\/wp-content\/uploads\/2018\/11\/cabrob\u00f3-18.jpg'><img loading=\"lazy\" width=\"300\" height=\"168\" src=\"https:\/\/olharpeloproximo.com.br\/site\/wp-content\/uploads\/2018\/11\/cabrob\u00f3-18-300x168.jpg\" class=\"attachment-medium size-medium\" alt=\"\" decoding=\"async\" srcset=\"https:\/\/olharpeloproximo.com.br\/site\/wp-content\/uploads\/2018\/11\/cabrob\u00f3-18-300x168.jpg 300w, https:\/\/olharpeloproximo.com.br\/site\/wp-content\/uploads\/2018\/11\/cabrob\u00f3-18-768x431.jpg 768w, https:\/\/olharpeloproximo.com.br\/site\/wp-content\/uploads\/2018\/11\/cabrob\u00f3-18-1024x575.jpg 1024w, https:\/\/olharpeloproximo.com.br\/site\/wp-content\/uploads\/2018\/11\/cabrob\u00f3-18.jpg 1247w\" sizes=\"(max-width: 300px) 100vw, 300px\" \/><\/a>\n\t\t\t<\/div><\/figure><figure class='gallery-item'>\n\t\t\t<div class='gallery-icon landscape'>\n\t\t\t\t<a data-elementor-open-lightbox=\"yes\" data-elementor-lightbox-slideshow=\"3cc8b6f2\" data-elementor-lightbox-title=\"cabrob\u00f3-27\" data-e-action-hash=\"#elementor-action%3Aaction%3Dlightbox%26settings%3DeyJpZCI6MTUxLCJ1cmwiOiJodHRwczpcL1wvb2xoYXJwZWxvcHJveGltby5jb20uYnJcL3NpdGVcL3dwLWNvbnRlbnRcL3VwbG9hZHNcLzIwMThcLzExXC9jYWJyb2JcdTAwZjMtMjcuanBnIiwic2xpZGVzaG93IjoiM2NjOGI2ZjIifQ%3D%3D\" href='https:\/\/olharpeloproximo.com.br\/site\/wp-content\/uploads\/2018\/11\/cabrob\u00f3-27.jpg'><img loading=\"lazy\" width=\"300\" height=\"200\" src=\"https:\/\/olharpeloproximo.com.br\/site\/wp-content\/uploads\/2018\/11\/cabrob\u00f3-27-300x200.jpg\" class=\"attachment-medium size-medium\" alt=\"\" decoding=\"async\" srcset=\"https:\/\/olharpeloproximo.com.br\/site\/wp-content\/uploads\/2018\/11\/cabrob\u00f3-27-300x200.jpg 300w, https:\/\/olharpeloproximo.com.br\/site\/wp-content\/uploads\/2018\/11\/cabrob\u00f3-27-768x512.jpg 768w, https:\/\/olharpeloproximo.com.br\/site\/wp-content\/uploads\/2018\/11\/cabrob\u00f3-27-1024x683.jpg 1024w, https:\/\/olharpeloproximo.com.br\/site\/wp-content\/uploads\/2018\/11\/cabrob\u00f3-27.jpg 1050w\" sizes=\"(max-width: 300px) 100vw, 300px\" \/><\/a>\n\t\t\t<\/div><\/figure><figure class='gallery-item'>\n\t\t\t<div class='gallery-icon landscape'>\n\t\t\t\t<a data-elementor-open-lightbox=\"yes\" data-elementor-lightbox-slideshow=\"3cc8b6f2\" data-elementor-lightbox-title=\"cabrob\u00f3-29\" data-e-action-hash=\"#elementor-action%3Aaction%3Dlightbox%26settings%3DeyJpZCI6MTUyLCJ1cmwiOiJodHRwczpcL1wvb2xoYXJwZWxvcHJveGltby5jb20uYnJcL3NpdGVcL3dwLWNvbnRlbnRcL3VwbG9hZHNcLzIwMThcLzExXC9jYWJyb2JcdTAwZjMtMjkuanBnIiwic2xpZGVzaG93IjoiM2NjOGI2ZjIifQ%3D%3D\" href='https:\/\/olharpeloproximo.com.br\/site\/wp-content\/uploads\/2018\/11\/cabrob\u00f3-29.jpg'><img loading=\"lazy\" width=\"300\" height=\"200\" src=\"https:\/\/olharpeloproximo.com.br\/site\/wp-content\/uploads\/2018\/11\/cabrob\u00f3-29-300x200.jpg\" class=\"attachment-medium size-medium\" alt=\"\" decoding=\"async\" srcset=\"https:\/\/olharpeloproximo.com.br\/site\/wp-content\/uploads\/2018\/11\/cabrob\u00f3-29-300x200.jpg 300w, https:\/\/olharpeloproximo.com.br\/site\/wp-content\/uploads\/2018\/11\/cabrob\u00f3-29-768x512.jpg 768w, https:\/\/olharpeloproximo.com.br\/site\/wp-content\/uploads\/2018\/11\/cabrob\u00f3-29-1024x683.jpg 1024w, https:\/\/olharpeloproximo.com.br\/site\/wp-content\/uploads\/2018\/11\/cabrob\u00f3-29.jpg 1050w\" sizes=\"(max-width: 300px) 100vw, 300px\" \/><\/a>\n\t\t\t<\/div><\/figure>\n\t\t<\/div>\n\t\t<\/div>\n\t\t\t\t<\/div>\n\t\t\t\t<\/div>\n\t\t\t\t\t<\/div>\n\t\t<\/div>\n\t\t\t\t\t<\/div>\n\t\t<\/section>\n\t\t\t\t<section class=\"elementor-section elementor-top-section elementor-element elementor-element-1c93659d elementor-section-content-middle elementor-section-boxed elementor-section-height-default elementor-section-height-default\" data-id=\"1c93659d\" data-element_type=\"section\" data-settings=\"{&quot;background_background&quot;:&quot;classic&quot;}\">\n\t\t\t\t\t\t<div class=\"elementor-container elementor-column-gap-no\">\n\t\t\t\t\t<div class=\"elementor-column elementor-col-50 elementor-top-column elementor-element elementor-element-4c322b0d\" data-id=\"4c322b0d\" data-element_type=\"column\">\n\t\t\t<div class=\"elementor-widget-wrap elementor-element-populated\">\n\t\t\t\t\t\t<div class=\"elementor-element elementor-element-6bf908a4 elementor-widget elementor-widget-heading\" data-id=\"6bf908a4\" data-element_type=\"widget\" data-widget_type=\"heading.default\">\n\t\t\t\t<div class=\"elementor-widget-container\">\n\t\t\t<h2 class=\"elementor-heading-title elementor-size-default\">Preencha o formul\u00e1rio para entrar em contato conosco e agendar uma visita para seu munic\u00edpio. Nossa equipe est\u00e1 pronta para te atender.<\/h2>\t\t<\/div>\n\t\t\t\t<\/div>\n\t\t\t\t<div class=\"elementor-element elementor-element-75735a30 elementor-widget elementor-widget-text-editor\" data-id=\"75735a30\" data-element_type=\"widget\" data-widget_type=\"text-editor.default\">\n\t\t\t\t<div class=\"elementor-widget-container\">\n\t\t\t\t\t\t\t<p>Equipe Olhar pelo Pr\u00f3ximo<\/p>\t\t\t\t\t\t<\/div>\n\t\t\t\t<\/div>\n\t\t\t\t\t<\/div>\n\t\t<\/div>\n\t\t\t\t<div class=\"elementor-column elementor-col-50 elementor-top-column elementor-element elementor-element-211b8f7d\" data-id=\"211b8f7d\" data-element_type=\"column\">\n\t\t\t<div class=\"elementor-widget-wrap elementor-element-populated\">\n\t\t\t\t\t\t<div class=\"elementor-element elementor-element-5e29abce elementor-button-align-stretch elementor-widget elementor-widget-global elementor-global-207 elementor-widget-form\" data-id=\"5e29abce\" data-element_type=\"widget\" data-settings=\"{&quot;step_next_label&quot;:&quot;Pr\\u00f3ximo&quot;,&quot;step_previous_label&quot;:&quot;Anterior&quot;,&quot;button_width&quot;:&quot;100&quot;,&quot;step_type&quot;:&quot;number_text&quot;,&quot;step_icon_shape&quot;:&quot;circle&quot;}\" data-widget_type=\"form.default\">\n\t\t\t\t<div class=\"elementor-widget-container\">\n\t\t\t\t\t<form class=\"elementor-form\" method=\"post\" name=\"New Form\">\n\t\t\t<input type=\"hidden\" name=\"post_id\" value=\"215\"\/>\n\t\t\t<input type=\"hidden\" name=\"form_id\" value=\"5e29abce\"\/>\n\t\t\t<input type=\"hidden\" name=\"referer_title\" value=\"\" \/>\n\n\t\t\t\n\t\t\t<div class=\"elementor-form-fields-wrapper elementor-labels-above\">\n\t\t\t\t\t\t\t\t<div class=\"elementor-field-type-text elementor-field-group elementor-column elementor-field-group-name elementor-col-100 elementor-field-required\">\n\t\t\t\t\t\t\t\t\t\t\t\t<label for=\"form-field-name\" class=\"elementor-field-label\">\n\t\t\t\t\t\t\t\tNome\t\t\t\t\t\t\t<\/label>\n\t\t\t\t\t\t\t\t\t\t\t\t\t\t<input size=\"1\" type=\"text\" name=\"form_fields[name]\" id=\"form-field-name\" class=\"elementor-field elementor-size-sm  elementor-field-textual\" placeholder=\"Informe seu Nome\" required=\"required\" aria-required=\"true\">\n\t\t\t\t\t\t\t\t\t\t\t<\/div>\n\t\t\t\t\t\t\t\t<div class=\"elementor-field-type-email elementor-field-group elementor-column elementor-field-group-8b181ae elementor-col-100\">\n\t\t\t\t\t\t\t\t\t\t\t\t<label for=\"form-field-8b181ae\" class=\"elementor-field-label\">\n\t\t\t\t\t\t\t\tEmail\t\t\t\t\t\t\t<\/label>\n\t\t\t\t\t\t\t\t\t\t\t\t\t\t<input size=\"1\" type=\"email\" name=\"form_fields[8b181ae]\" id=\"form-field-8b181ae\" class=\"elementor-field elementor-size-sm  elementor-field-textual\" placeholder=\"Informe seu Email\">\n\t\t\t\t\t\t\t\t\t\t\t<\/div>\n\t\t\t\t\t\t\t\t<div class=\"elementor-field-type-tel elementor-field-group elementor-column elementor-field-group-f802ecf elementor-col-100 elementor-field-required\">\n\t\t\t\t\t\t\t\t\t\t\t\t<label for=\"form-field-f802ecf\" class=\"elementor-field-label\">\n\t\t\t\t\t\t\t\tTelefone\t\t\t\t\t\t\t<\/label>\n\t\t\t\t\t\t\t\t<input size=\"1\" type=\"tel\" name=\"form_fields[f802ecf]\" id=\"form-field-f802ecf\" class=\"elementor-field elementor-size-sm  elementor-field-textual\" placeholder=\"Informe seu telefone\" required=\"required\" aria-required=\"true\" pattern=\"[0-9()#&amp;+*-=.]+\" title=\"Apenas n\u00fameros e caracteres de telefone (#, -, *, etc.) s\u00e3o aceitos.\">\n\n\t\t\t\t\t\t<\/div>\n\t\t\t\t\t\t\t\t<div class=\"elementor-field-type-text elementor-field-group elementor-column elementor-field-group-6b78066 elementor-col-50 elementor-field-required\">\n\t\t\t\t\t\t\t\t\t\t\t\t<label for=\"form-field-6b78066\" class=\"elementor-field-label\">\n\t\t\t\t\t\t\t\tCidade\t\t\t\t\t\t\t<\/label>\n\t\t\t\t\t\t\t\t\t\t\t\t\t\t<input size=\"1\" type=\"text\" name=\"form_fields[6b78066]\" id=\"form-field-6b78066\" class=\"elementor-field elementor-size-sm  elementor-field-textual\" placeholder=\"Cidade\" required=\"required\" aria-required=\"true\">\n\t\t\t\t\t\t\t\t\t\t\t<\/div>\n\t\t\t\t\t\t\t\t<div class=\"elementor-field-type-text elementor-field-group elementor-column elementor-field-group-96f272a elementor-col-50 elementor-field-required\">\n\t\t\t\t\t\t\t\t\t\t\t\t<label for=\"form-field-96f272a\" class=\"elementor-field-label\">\n\t\t\t\t\t\t\t\tEstado\t\t\t\t\t\t\t<\/label>\n\t\t\t\t\t\t\t\t\t\t\t\t\t\t<input size=\"1\" type=\"text\" name=\"form_fields[96f272a]\" id=\"form-field-96f272a\" class=\"elementor-field elementor-size-sm  elementor-field-textual\" placeholder=\"Estado\" required=\"required\" aria-required=\"true\">\n\t\t\t\t\t\t\t\t\t\t\t<\/div>\n\t\t\t\t\t\t\t\t<div class=\"elementor-field-type-textarea elementor-field-group elementor-column elementor-field-group-message elementor-col-100\">\n\t\t\t\t\t\t\t\t\t\t\t\t<label for=\"form-field-message\" class=\"elementor-field-label\">\n\t\t\t\t\t\t\t\tMensagem\t\t\t\t\t\t\t<\/label>\n\t\t\t\t\t\t<textarea class=\"elementor-field-textual elementor-field  elementor-size-sm\" name=\"form_fields[message]\" id=\"form-field-message\" rows=\"4\" placeholder=\"Deixe sua mensagem\"><\/textarea>\t\t\t\t<\/div>\n\t\t\t\t\t\t\t\t<div class=\"elementor-field-group elementor-column elementor-field-type-submit elementor-col-100 e-form__buttons\">\n\t\t\t\t\t<button class=\"elementor-button elementor-size-sm\" type=\"submit\">\n\t\t\t\t\t\t<span class=\"elementor-button-content-wrapper\">\n\t\t\t\t\t\t\t\t\t\t\t\t\t\t\t\t\t\t\t\t\t\t<span class=\"elementor-button-text\">Enviar Mensagem<\/span>\n\t\t\t\t\t\t\t\t\t\t\t\t\t<\/span>\n\t\t\t\t\t<\/button>\n\t\t\t\t<\/div>\n\t\t\t<\/div>\n\t\t<\/form>\n\t\t\t\t<\/div>\n\t\t\t\t<\/div>\n\t\t\t\t\t<\/div>\n\t\t<\/div>\n\t\t\t\t\t<\/div>\n\t\t<\/section>\n\t\t\t\t<\/div>\n\t\t","protected":false},"excerpt":{"rendered":"<p>Somos a Olhar pelo Pr\u00f3ximo Somos uma Associa\u00e7\u00e3o criada no estado de Goi\u00e1s, com o intuito de atender a popula\u00e7\u00e3o carente na \u00e1rea de oftalmologia, fomentamos parcerias e ideias inovadoras para que toda a estrutura de exames e consultas cheguem aos lugares mais distantes do Brasil. SOLICITE UMA VISITA A ideia \u00e9 atingir o maior &hellip;<\/p>\n<p class=\"read-more\"> <a class=\"\" href=\"https:\/\/olharpeloproximo.com.br\/site\/sobre-nos\/\"> <span class=\"screen-reader-text\">SOBRE N\u00d3S<\/span> Leia mais \u00bb<\/a><\/p>\n","protected":false},"author":1,"featured_media":0,"parent":0,"menu_order":0,"comment_status":"closed","ping_status":"closed","template":"","meta":{"site-sidebar-layout":"no-sidebar","site-content-layout":"page-builder","ast-global-header-display":"","ast-main-header-display":"","ast-hfb-above-header-display":"","ast-hfb-below-header-display":"","ast-hfb-mobile-header-display":"","site-post-title":"disabled","ast-breadcrumbs-content":"","ast-featured-img":"disabled","footer-sml-layout":"","theme-transparent-header-meta":"default","adv-header-id-meta":"","stick-header-meta":"default","header-above-stick-meta":"","header-main-stick-meta":"","header-below-stick-meta":""},"_links":{"self":[{"href":"https:\/\/olharpeloproximo.com.br\/site\/wp-json\/wp\/v2\/pages\/215"}],"collection":[{"href":"https:\/\/olharpeloproximo.com.br\/site\/wp-json\/wp\/v2\/pages"}],"about":[{"href":"https:\/\/olharpeloproximo.com.br\/site\/wp-json\/wp\/v2\/types\/page"}],"author":[{"embeddable":true,"href":"https:\/\/olharpeloproximo.com.br\/site\/wp-json\/wp\/v2\/users\/1"}],"replies":[{"embeddable":true,"href":"https:\/\/olharpeloproximo.com.br\/site\/wp-json\/wp\/v2\/comments?post=215"}],"version-history":[{"count":8,"href":"https:\/\/olharpeloproximo.com.br\/site\/wp-json\/wp\/v2\/pages\/215\/revisions"}],"predecessor-version":[{"id":343,"href":"https:\/\/olharpeloproximo.com.br\/site\/wp-json\/wp\/v2\/pages\/215\/revisions\/343"}],"wp:attachment":[{"href":"https:\/\/olharpeloproximo.com.br\/site\/wp-json\/wp\/v2\/media?parent=215"}],"curies":[{"name":"wp","href":"https:\/\/api.w.org\/{rel}","templated":true}]}}