{"id":346,"date":"2018-12-10T16:25:38","date_gmt":"2018-12-10T18:25:38","guid":{"rendered":"http:\/\/olharpeloproximo.com.br\/site\/?page_id=346"},"modified":"2024-12-16T09:51:23","modified_gmt":"2024-12-16T12:51:23","slug":"raul-soares-minas-gerais","status":"publish","type":"page","link":"https:\/\/olharpeloproximo.com.br\/site\/cidades-atendidas\/raul-soares-minas-gerais\/","title":{"rendered":"RAUL SOARES &#8211; MINAS GERAIS"},"content":{"rendered":"\t\t<div data-elementor-type=\"wp-post\" data-elementor-id=\"346\" class=\"elementor elementor-346\" data-elementor-post-type=\"page\">\n\t\t\t\t\t\t<section class=\"elementor-section elementor-top-section elementor-element elementor-element-724df071 elementor-section-content-middle elementor-section-boxed elementor-section-height-default elementor-section-height-default\" data-id=\"724df071\" data-element_type=\"section\" data-settings=\"{&quot;background_background&quot;:&quot;classic&quot;,&quot;shape_divider_top&quot;:&quot;mountains&quot;}\">\n\t\t\t\t\t<div class=\"elementor-shape elementor-shape-top\" data-negative=\"false\">\n\t\t\t<svg xmlns=\"http:\/\/www.w3.org\/2000\/svg\" viewBox=\"0 0 1000 100\" preserveAspectRatio=\"none\">\n\t<path class=\"elementor-shape-fill\" opacity=\"0.33\" d=\"M473,67.3c-203.9,88.3-263.1-34-320.3,0C66,119.1,0,59.7,0,59.7V0h1000v59.7 c0,0-62.1,26.1-94.9,29.3c-32.8,3.3-62.8-12.3-75.8-22.1C806,49.6,745.3,8.7,694.9,4.7S492.4,59,473,67.3z\"\/>\n\t<path class=\"elementor-shape-fill\" opacity=\"0.66\" d=\"M734,67.3c-45.5,0-77.2-23.2-129.1-39.1c-28.6-8.7-150.3-10.1-254,39.1 s-91.7-34.4-149.2,0C115.7,118.3,0,39.8,0,39.8V0h1000v36.5c0,0-28.2-18.5-92.1-18.5C810.2,18.1,775.7,67.3,734,67.3z\"\/>\n\t<path class=\"elementor-shape-fill\" d=\"M766.1,28.9c-200-57.5-266,65.5-395.1,19.5C242,1.8,242,5.4,184.8,20.6C128,35.8,132.3,44.9,89.9,52.5C28.6,63.7,0,0,0,0 h1000c0,0-9.9,40.9-83.6,48.1S829.6,47,766.1,28.9z\"\/>\n<\/svg>\t\t<\/div>\n\t\t\t\t\t<div class=\"elementor-container elementor-column-gap-no\">\n\t\t\t\t\t<div class=\"elementor-column elementor-col-100 elementor-top-column elementor-element elementor-element-665b9298\" data-id=\"665b9298\" data-element_type=\"column\">\n\t\t\t<div class=\"elementor-widget-wrap elementor-element-populated\">\n\t\t\t\t\t\t<div class=\"elementor-element elementor-element-337d9187 elementor-widget elementor-widget-heading\" data-id=\"337d9187\" data-element_type=\"widget\" data-widget_type=\"heading.default\">\n\t\t\t\t<div class=\"elementor-widget-container\">\n\t\t\t<h2 class=\"elementor-heading-title elementor-size-default\">RAUL SOARES - MINAS GERAIS<\/h2>\t\t<\/div>\n\t\t\t\t<\/div>\n\t\t\t\t<div class=\"elementor-element elementor-element-6c9928d3 elementor-widget elementor-widget-text-editor\" data-id=\"6c9928d3\" data-element_type=\"widget\" data-widget_type=\"text-editor.default\">\n\t\t\t\t<div class=\"elementor-widget-container\">\n\t\t\t\t\t\t\t<p>Tivemos o prazer de visitar como nosso trabalho social a cidade de Raul Soares situada no estado de Minhas Gerais, onde atendemos a popula\u00e7\u00e3o carente com muito empenho e orgulho.<\/p><p>Outrora possuidora de uma economia diversificada, com base na ind\u00fastria, turismo, pecu\u00e1ria, agricultura e com\u00e9rcio, nos \u00faltimos anos houve uma retra\u00e7\u00e3o em seu turismo, atualmente pouco explorado, neste munic\u00edpio famoso por suas belezas naturais; a ind\u00fastria se encontra em estado incipiente, sendo hoje o munic\u00edpio sustentado, em geral, pelo com\u00e9rcio e pela agropecu\u00e1ria, ficando a expectativa de um incremento industrial, neste munic\u00edpio considerado muito bom para se instalar ind\u00fastrias, devido ao potencial energ\u00e9tico que possui e seu relevo com muitas baixadas.<\/p>\t\t\t\t\t\t<\/div>\n\t\t\t\t<\/div>\n\t\t\t\t\t<\/div>\n\t\t<\/div>\n\t\t\t\t\t<\/div>\n\t\t<\/section>\n\t\t\t\t<section class=\"elementor-section elementor-top-section elementor-element elementor-element-b81f240 elementor-section-boxed elementor-section-height-default elementor-section-height-default\" data-id=\"b81f240\" data-element_type=\"section\">\n\t\t\t\t\t\t<div class=\"elementor-container elementor-column-gap-default\">\n\t\t\t\t\t<div class=\"elementor-column elementor-col-33 elementor-top-column elementor-element elementor-element-b6d380e\" data-id=\"b6d380e\" data-element_type=\"column\">\n\t\t\t<div class=\"elementor-widget-wrap elementor-element-populated\">\n\t\t\t\t\t\t<div class=\"elementor-element elementor-element-5c213244 elementor-align-justify elementor-widget elementor-widget-button\" data-id=\"5c213244\" data-element_type=\"widget\" data-widget_type=\"button.default\">\n\t\t\t\t<div class=\"elementor-widget-container\">\n\t\t\t\t\t<div class=\"elementor-button-wrapper\">\n\t\t\t<a class=\"elementor-button elementor-button-link elementor-size-md\" href=\"http:\/\/olharpeloproximo.com.br\/site\/fale-conosco\/\">\n\t\t\t\t\t\t<span class=\"elementor-button-content-wrapper\">\n\t\t\t\t\t\t\t\t\t<span class=\"elementor-button-text\">SOLICITE UMA VISITA<\/span>\n\t\t\t\t\t<\/span>\n\t\t\t\t\t<\/a>\n\t\t<\/div>\n\t\t\t\t<\/div>\n\t\t\t\t<\/div>\n\t\t\t\t\t<\/div>\n\t\t<\/div>\n\t\t\t\t<div class=\"elementor-column elementor-col-33 elementor-top-column elementor-element elementor-element-abae375\" data-id=\"abae375\" data-element_type=\"column\">\n\t\t\t<div class=\"elementor-widget-wrap elementor-element-populated\">\n\t\t\t\t\t\t<div class=\"elementor-element elementor-element-64667086 elementor-align-justify elementor-widget elementor-widget-button\" data-id=\"64667086\" data-element_type=\"widget\" data-widget_type=\"button.default\">\n\t\t\t\t<div class=\"elementor-widget-container\">\n\t\t\t\t\t<div class=\"elementor-button-wrapper\">\n\t\t\t<a class=\"elementor-button elementor-button-link elementor-size-md\" href=\"https:\/\/api.whatsapp.com\/send?phone=5561996236939&#038;text=Ol%C3%A1,%20vi%20seu%20site%20Olhar%20Pelo%20Pr%C3%B3ximo%20e%20estou%20interessado%20em%20saber%20mais%20informa%C3%A7%C3%B5es.\">\n\t\t\t\t\t\t<span class=\"elementor-button-content-wrapper\">\n\t\t\t\t\t\t\t\t\t<span class=\"elementor-button-text\">FALE PELO WHATSAPP<\/span>\n\t\t\t\t\t<\/span>\n\t\t\t\t\t<\/a>\n\t\t<\/div>\n\t\t\t\t<\/div>\n\t\t\t\t<\/div>\n\t\t\t\t\t<\/div>\n\t\t<\/div>\n\t\t\t\t<div class=\"elementor-column elementor-col-33 elementor-top-column elementor-element elementor-element-4d656d0\" data-id=\"4d656d0\" data-element_type=\"column\">\n\t\t\t<div class=\"elementor-widget-wrap elementor-element-populated\">\n\t\t\t\t\t\t<div class=\"elementor-element elementor-element-4a0a276a elementor-align-justify elementor-widget elementor-widget-button\" data-id=\"4a0a276a\" data-element_type=\"widget\" data-widget_type=\"button.default\">\n\t\t\t\t<div class=\"elementor-widget-container\">\n\t\t\t\t\t<div class=\"elementor-button-wrapper\">\n\t\t\t<a class=\"elementor-button elementor-button-link elementor-size-md\" href=\"http:\/\/olharpeloproximo.com.br\/site\/cidades-atendidas\/\">\n\t\t\t\t\t\t<span class=\"elementor-button-content-wrapper\">\n\t\t\t\t\t\t\t\t\t<span class=\"elementor-button-text\">CIDADES ATENDIDAS<\/span>\n\t\t\t\t\t<\/span>\n\t\t\t\t\t<\/a>\n\t\t<\/div>\n\t\t\t\t<\/div>\n\t\t\t\t<\/div>\n\t\t\t\t\t<\/div>\n\t\t<\/div>\n\t\t\t\t\t<\/div>\n\t\t<\/section>\n\t\t\t\t<section class=\"elementor-section elementor-top-section elementor-element elementor-element-c88f52d elementor-section-boxed elementor-section-height-default elementor-section-height-default\" data-id=\"c88f52d\" data-element_type=\"section\">\n\t\t\t\t\t\t<div class=\"elementor-container elementor-column-gap-default\">\n\t\t\t\t\t<div class=\"elementor-column elementor-col-100 elementor-top-column elementor-element elementor-element-f176cac\" data-id=\"f176cac\" data-element_type=\"column\">\n\t\t\t<div class=\"elementor-widget-wrap elementor-element-populated\">\n\t\t\t\t\t\t<div class=\"elementor-element elementor-element-87030fa elementor-widget elementor-widget-image-gallery\" data-id=\"87030fa\" data-element_type=\"widget\" data-widget_type=\"image-gallery.default\">\n\t\t\t\t<div class=\"elementor-widget-container\">\n\t\t\t\t\t<div class=\"elementor-image-gallery\">\n\t\t\t<div id='gallery-1' class='gallery galleryid-346 gallery-columns-4 gallery-size-medium'><figure class='gallery-item'>\n\t\t\t<div class='gallery-icon landscape'>\n\t\t\t\t<a data-elementor-open-lightbox=\"yes\" data-elementor-lightbox-slideshow=\"87030fa\" data-elementor-lightbox-title=\"WhatsApp Image 2018-12-06 at 09.45.06 (1)\" data-e-action-hash=\"#elementor-action%3Aaction%3Dlightbox%26settings%3DeyJpZCI6MzQ5LCJ1cmwiOiJodHRwczpcL1wvb2xoYXJwZWxvcHJveGltby5jb20uYnJcL3NpdGVcL3dwLWNvbnRlbnRcL3VwbG9hZHNcLzIwMThcLzEyXC9XaGF0c0FwcC1JbWFnZS0yMDE4LTEyLTA2LWF0LTA5LjQ1LjA2LTEuanBlZyIsInNsaWRlc2hvdyI6Ijg3MDMwZmEifQ%3D%3D\" href='https:\/\/olharpeloproximo.com.br\/site\/wp-content\/uploads\/2018\/12\/WhatsApp-Image-2018-12-06-at-09.45.06-1.jpeg'><img fetchpriority=\"high\" width=\"300\" height=\"200\" src=\"https:\/\/olharpeloproximo.com.br\/site\/wp-content\/uploads\/2018\/12\/WhatsApp-Image-2018-12-06-at-09.45.06-1-300x200.jpeg\" class=\"attachment-medium size-medium\" alt=\"\" decoding=\"async\" srcset=\"https:\/\/olharpeloproximo.com.br\/site\/wp-content\/uploads\/2018\/12\/WhatsApp-Image-2018-12-06-at-09.45.06-1-300x200.jpeg 300w, https:\/\/olharpeloproximo.com.br\/site\/wp-content\/uploads\/2018\/12\/WhatsApp-Image-2018-12-06-at-09.45.06-1-768x512.jpeg 768w, https:\/\/olharpeloproximo.com.br\/site\/wp-content\/uploads\/2018\/12\/WhatsApp-Image-2018-12-06-at-09.45.06-1-1024x682.jpeg 1024w, https:\/\/olharpeloproximo.com.br\/site\/wp-content\/uploads\/2018\/12\/WhatsApp-Image-2018-12-06-at-09.45.06-1.jpeg 1280w\" sizes=\"(max-width: 300px) 100vw, 300px\" \/><\/a>\n\t\t\t<\/div><\/figure><figure class='gallery-item'>\n\t\t\t<div class='gallery-icon landscape'>\n\t\t\t\t<a data-elementor-open-lightbox=\"yes\" data-elementor-lightbox-slideshow=\"87030fa\" data-elementor-lightbox-title=\"WhatsApp Image 2018-12-06 at 09.45.06 (2)\" data-e-action-hash=\"#elementor-action%3Aaction%3Dlightbox%26settings%3DeyJpZCI6MzUwLCJ1cmwiOiJodHRwczpcL1wvb2xoYXJwZWxvcHJveGltby5jb20uYnJcL3NpdGVcL3dwLWNvbnRlbnRcL3VwbG9hZHNcLzIwMThcLzEyXC9XaGF0c0FwcC1JbWFnZS0yMDE4LTEyLTA2LWF0LTA5LjQ1LjA2LTIuanBlZyIsInNsaWRlc2hvdyI6Ijg3MDMwZmEifQ%3D%3D\" href='https:\/\/olharpeloproximo.com.br\/site\/wp-content\/uploads\/2018\/12\/WhatsApp-Image-2018-12-06-at-09.45.06-2.jpeg'><img width=\"300\" height=\"206\" src=\"https:\/\/olharpeloproximo.com.br\/site\/wp-content\/uploads\/2018\/12\/WhatsApp-Image-2018-12-06-at-09.45.06-2-300x206.jpeg\" class=\"attachment-medium size-medium\" alt=\"\" decoding=\"async\" srcset=\"https:\/\/olharpeloproximo.com.br\/site\/wp-content\/uploads\/2018\/12\/WhatsApp-Image-2018-12-06-at-09.45.06-2-300x206.jpeg 300w, https:\/\/olharpeloproximo.com.br\/site\/wp-content\/uploads\/2018\/12\/WhatsApp-Image-2018-12-06-at-09.45.06-2-768x529.jpeg 768w, https:\/\/olharpeloproximo.com.br\/site\/wp-content\/uploads\/2018\/12\/WhatsApp-Image-2018-12-06-at-09.45.06-2-1024x705.jpeg 1024w, https:\/\/olharpeloproximo.com.br\/site\/wp-content\/uploads\/2018\/12\/WhatsApp-Image-2018-12-06-at-09.45.06-2.jpeg 1280w\" sizes=\"(max-width: 300px) 100vw, 300px\" \/><\/a>\n\t\t\t<\/div><\/figure><figure class='gallery-item'>\n\t\t\t<div class='gallery-icon landscape'>\n\t\t\t\t<a data-elementor-open-lightbox=\"yes\" data-elementor-lightbox-slideshow=\"87030fa\" data-elementor-lightbox-title=\"WhatsApp Image 2018-12-06 at 09.45.06\" data-e-action-hash=\"#elementor-action%3Aaction%3Dlightbox%26settings%3DeyJpZCI6MzUxLCJ1cmwiOiJodHRwczpcL1wvb2xoYXJwZWxvcHJveGltby5jb20uYnJcL3NpdGVcL3dwLWNvbnRlbnRcL3VwbG9hZHNcLzIwMThcLzEyXC9XaGF0c0FwcC1JbWFnZS0yMDE4LTEyLTA2LWF0LTA5LjQ1LjA2LmpwZWciLCJzbGlkZXNob3ciOiI4NzAzMGZhIn0%3D\" href='https:\/\/olharpeloproximo.com.br\/site\/wp-content\/uploads\/2018\/12\/WhatsApp-Image-2018-12-06-at-09.45.06.jpeg'><img width=\"300\" height=\"200\" src=\"https:\/\/olharpeloproximo.com.br\/site\/wp-content\/uploads\/2018\/12\/WhatsApp-Image-2018-12-06-at-09.45.06-300x200.jpeg\" class=\"attachment-medium size-medium\" alt=\"\" decoding=\"async\" srcset=\"https:\/\/olharpeloproximo.com.br\/site\/wp-content\/uploads\/2018\/12\/WhatsApp-Image-2018-12-06-at-09.45.06-300x200.jpeg 300w, https:\/\/olharpeloproximo.com.br\/site\/wp-content\/uploads\/2018\/12\/WhatsApp-Image-2018-12-06-at-09.45.06-768x512.jpeg 768w, https:\/\/olharpeloproximo.com.br\/site\/wp-content\/uploads\/2018\/12\/WhatsApp-Image-2018-12-06-at-09.45.06-1024x682.jpeg 1024w, https:\/\/olharpeloproximo.com.br\/site\/wp-content\/uploads\/2018\/12\/WhatsApp-Image-2018-12-06-at-09.45.06.jpeg 1280w\" sizes=\"(max-width: 300px) 100vw, 300px\" \/><\/a>\n\t\t\t<\/div><\/figure><figure class='gallery-item'>\n\t\t\t<div class='gallery-icon landscape'>\n\t\t\t\t<a data-elementor-open-lightbox=\"yes\" data-elementor-lightbox-slideshow=\"87030fa\" data-elementor-lightbox-title=\"WhatsApp Image 2018-12-06 at 09.45.07\" data-e-action-hash=\"#elementor-action%3Aaction%3Dlightbox%26settings%3DeyJpZCI6MzUyLCJ1cmwiOiJodHRwczpcL1wvb2xoYXJwZWxvcHJveGltby5jb20uYnJcL3NpdGVcL3dwLWNvbnRlbnRcL3VwbG9hZHNcLzIwMThcLzEyXC9XaGF0c0FwcC1JbWFnZS0yMDE4LTEyLTA2LWF0LTA5LjQ1LjA3LmpwZWciLCJzbGlkZXNob3ciOiI4NzAzMGZhIn0%3D\" href='https:\/\/olharpeloproximo.com.br\/site\/wp-content\/uploads\/2018\/12\/WhatsApp-Image-2018-12-06-at-09.45.07.jpeg'><img loading=\"lazy\" width=\"300\" height=\"200\" src=\"https:\/\/olharpeloproximo.com.br\/site\/wp-content\/uploads\/2018\/12\/WhatsApp-Image-2018-12-06-at-09.45.07-300x200.jpeg\" class=\"attachment-medium size-medium\" alt=\"\" decoding=\"async\" srcset=\"https:\/\/olharpeloproximo.com.br\/site\/wp-content\/uploads\/2018\/12\/WhatsApp-Image-2018-12-06-at-09.45.07-300x200.jpeg 300w, https:\/\/olharpeloproximo.com.br\/site\/wp-content\/uploads\/2018\/12\/WhatsApp-Image-2018-12-06-at-09.45.07-768x512.jpeg 768w, https:\/\/olharpeloproximo.com.br\/site\/wp-content\/uploads\/2018\/12\/WhatsApp-Image-2018-12-06-at-09.45.07-1024x682.jpeg 1024w, https:\/\/olharpeloproximo.com.br\/site\/wp-content\/uploads\/2018\/12\/WhatsApp-Image-2018-12-06-at-09.45.07.jpeg 1280w\" sizes=\"(max-width: 300px) 100vw, 300px\" \/><\/a>\n\t\t\t<\/div><\/figure><figure class='gallery-item'>\n\t\t\t<div class='gallery-icon landscape'>\n\t\t\t\t<a data-elementor-open-lightbox=\"yes\" data-elementor-lightbox-slideshow=\"87030fa\" data-elementor-lightbox-title=\"WhatsApp Image 2018-12-06 at 09.45.09\" data-e-action-hash=\"#elementor-action%3Aaction%3Dlightbox%26settings%3DeyJpZCI6MzUzLCJ1cmwiOiJodHRwczpcL1wvb2xoYXJwZWxvcHJveGltby5jb20uYnJcL3NpdGVcL3dwLWNvbnRlbnRcL3VwbG9hZHNcLzIwMThcLzEyXC9XaGF0c0FwcC1JbWFnZS0yMDE4LTEyLTA2LWF0LTA5LjQ1LjA5LmpwZWciLCJzbGlkZXNob3ciOiI4NzAzMGZhIn0%3D\" href='https:\/\/olharpeloproximo.com.br\/site\/wp-content\/uploads\/2018\/12\/WhatsApp-Image-2018-12-06-at-09.45.09.jpeg'><img loading=\"lazy\" width=\"300\" height=\"240\" src=\"https:\/\/olharpeloproximo.com.br\/site\/wp-content\/uploads\/2018\/12\/WhatsApp-Image-2018-12-06-at-09.45.09-300x240.jpeg\" class=\"attachment-medium size-medium\" alt=\"\" decoding=\"async\" srcset=\"https:\/\/olharpeloproximo.com.br\/site\/wp-content\/uploads\/2018\/12\/WhatsApp-Image-2018-12-06-at-09.45.09-300x240.jpeg 300w, https:\/\/olharpeloproximo.com.br\/site\/wp-content\/uploads\/2018\/12\/WhatsApp-Image-2018-12-06-at-09.45.09-768x614.jpeg 768w, https:\/\/olharpeloproximo.com.br\/site\/wp-content\/uploads\/2018\/12\/WhatsApp-Image-2018-12-06-at-09.45.09-1024x819.jpeg 1024w, https:\/\/olharpeloproximo.com.br\/site\/wp-content\/uploads\/2018\/12\/WhatsApp-Image-2018-12-06-at-09.45.09.jpeg 1280w\" sizes=\"(max-width: 300px) 100vw, 300px\" \/><\/a>\n\t\t\t<\/div><\/figure><figure class='gallery-item'>\n\t\t\t<div class='gallery-icon landscape'>\n\t\t\t\t<a data-elementor-open-lightbox=\"yes\" data-elementor-lightbox-slideshow=\"87030fa\" data-elementor-lightbox-title=\"WhatsApp Image 2018-12-06 at 09.45.10 (1)\" data-e-action-hash=\"#elementor-action%3Aaction%3Dlightbox%26settings%3DeyJpZCI6MzU0LCJ1cmwiOiJodHRwczpcL1wvb2xoYXJwZWxvcHJveGltby5jb20uYnJcL3NpdGVcL3dwLWNvbnRlbnRcL3VwbG9hZHNcLzIwMThcLzEyXC9XaGF0c0FwcC1JbWFnZS0yMDE4LTEyLTA2LWF0LTA5LjQ1LjEwLTEuanBlZyIsInNsaWRlc2hvdyI6Ijg3MDMwZmEifQ%3D%3D\" href='https:\/\/olharpeloproximo.com.br\/site\/wp-content\/uploads\/2018\/12\/WhatsApp-Image-2018-12-06-at-09.45.10-1.jpeg'><img loading=\"lazy\" width=\"300\" height=\"200\" src=\"https:\/\/olharpeloproximo.com.br\/site\/wp-content\/uploads\/2018\/12\/WhatsApp-Image-2018-12-06-at-09.45.10-1-300x200.jpeg\" class=\"attachment-medium size-medium\" alt=\"\" decoding=\"async\" srcset=\"https:\/\/olharpeloproximo.com.br\/site\/wp-content\/uploads\/2018\/12\/WhatsApp-Image-2018-12-06-at-09.45.10-1-300x200.jpeg 300w, https:\/\/olharpeloproximo.com.br\/site\/wp-content\/uploads\/2018\/12\/WhatsApp-Image-2018-12-06-at-09.45.10-1-768x512.jpeg 768w, https:\/\/olharpeloproximo.com.br\/site\/wp-content\/uploads\/2018\/12\/WhatsApp-Image-2018-12-06-at-09.45.10-1-1024x682.jpeg 1024w, https:\/\/olharpeloproximo.com.br\/site\/wp-content\/uploads\/2018\/12\/WhatsApp-Image-2018-12-06-at-09.45.10-1.jpeg 1280w\" sizes=\"(max-width: 300px) 100vw, 300px\" \/><\/a>\n\t\t\t<\/div><\/figure><figure class='gallery-item'>\n\t\t\t<div class='gallery-icon landscape'>\n\t\t\t\t<a data-elementor-open-lightbox=\"yes\" data-elementor-lightbox-slideshow=\"87030fa\" data-elementor-lightbox-title=\"WhatsApp Image 2018-12-06 at 09.45.10\" data-e-action-hash=\"#elementor-action%3Aaction%3Dlightbox%26settings%3DeyJpZCI6MzU1LCJ1cmwiOiJodHRwczpcL1wvb2xoYXJwZWxvcHJveGltby5jb20uYnJcL3NpdGVcL3dwLWNvbnRlbnRcL3VwbG9hZHNcLzIwMThcLzEyXC9XaGF0c0FwcC1JbWFnZS0yMDE4LTEyLTA2LWF0LTA5LjQ1LjEwLmpwZWciLCJzbGlkZXNob3ciOiI4NzAzMGZhIn0%3D\" href='https:\/\/olharpeloproximo.com.br\/site\/wp-content\/uploads\/2018\/12\/WhatsApp-Image-2018-12-06-at-09.45.10.jpeg'><img loading=\"lazy\" width=\"300\" height=\"200\" src=\"https:\/\/olharpeloproximo.com.br\/site\/wp-content\/uploads\/2018\/12\/WhatsApp-Image-2018-12-06-at-09.45.10-300x200.jpeg\" class=\"attachment-medium size-medium\" alt=\"\" decoding=\"async\" srcset=\"https:\/\/olharpeloproximo.com.br\/site\/wp-content\/uploads\/2018\/12\/WhatsApp-Image-2018-12-06-at-09.45.10-300x200.jpeg 300w, https:\/\/olharpeloproximo.com.br\/site\/wp-content\/uploads\/2018\/12\/WhatsApp-Image-2018-12-06-at-09.45.10-768x512.jpeg 768w, https:\/\/olharpeloproximo.com.br\/site\/wp-content\/uploads\/2018\/12\/WhatsApp-Image-2018-12-06-at-09.45.10-1024x682.jpeg 1024w, https:\/\/olharpeloproximo.com.br\/site\/wp-content\/uploads\/2018\/12\/WhatsApp-Image-2018-12-06-at-09.45.10.jpeg 1280w\" sizes=\"(max-width: 300px) 100vw, 300px\" \/><\/a>\n\t\t\t<\/div><\/figure><figure class='gallery-item'>\n\t\t\t<div class='gallery-icon landscape'>\n\t\t\t\t<a data-elementor-open-lightbox=\"yes\" data-elementor-lightbox-slideshow=\"87030fa\" data-elementor-lightbox-title=\"WhatsApp Image 2018-12-06 at 09.45.12\" data-e-action-hash=\"#elementor-action%3Aaction%3Dlightbox%26settings%3DeyJpZCI6MzU2LCJ1cmwiOiJodHRwczpcL1wvb2xoYXJwZWxvcHJveGltby5jb20uYnJcL3NpdGVcL3dwLWNvbnRlbnRcL3VwbG9hZHNcLzIwMThcLzEyXC9XaGF0c0FwcC1JbWFnZS0yMDE4LTEyLTA2LWF0LTA5LjQ1LjEyLmpwZWciLCJzbGlkZXNob3ciOiI4NzAzMGZhIn0%3D\" href='https:\/\/olharpeloproximo.com.br\/site\/wp-content\/uploads\/2018\/12\/WhatsApp-Image-2018-12-06-at-09.45.12.jpeg'><img loading=\"lazy\" width=\"300\" height=\"240\" src=\"https:\/\/olharpeloproximo.com.br\/site\/wp-content\/uploads\/2018\/12\/WhatsApp-Image-2018-12-06-at-09.45.12-300x240.jpeg\" class=\"attachment-medium size-medium\" alt=\"\" decoding=\"async\" srcset=\"https:\/\/olharpeloproximo.com.br\/site\/wp-content\/uploads\/2018\/12\/WhatsApp-Image-2018-12-06-at-09.45.12-300x240.jpeg 300w, https:\/\/olharpeloproximo.com.br\/site\/wp-content\/uploads\/2018\/12\/WhatsApp-Image-2018-12-06-at-09.45.12-768x614.jpeg 768w, https:\/\/olharpeloproximo.com.br\/site\/wp-content\/uploads\/2018\/12\/WhatsApp-Image-2018-12-06-at-09.45.12-1024x819.jpeg 1024w, https:\/\/olharpeloproximo.com.br\/site\/wp-content\/uploads\/2018\/12\/WhatsApp-Image-2018-12-06-at-09.45.12.jpeg 1280w\" sizes=\"(max-width: 300px) 100vw, 300px\" \/><\/a>\n\t\t\t<\/div><\/figure>\n\t\t<\/div>\n\t\t<\/div>\n\t\t\t\t<\/div>\n\t\t\t\t<\/div>\n\t\t\t\t\t<\/div>\n\t\t<\/div>\n\t\t\t\t\t<\/div>\n\t\t<\/section>\n\t\t\t\t<\/div>\n\t\t","protected":false},"excerpt":{"rendered":"<p>RAUL SOARES &#8211; MINAS GERAIS Tivemos o prazer de visitar como nosso trabalho social a cidade de Raul Soares situada no estado de Minhas Gerais, onde atendemos a popula\u00e7\u00e3o carente com muito empenho e orgulho. Outrora possuidora de uma economia diversificada, com base na ind\u00fastria, turismo, pecu\u00e1ria, agricultura e com\u00e9rcio, nos \u00faltimos anos houve uma &hellip;<\/p>\n<p class=\"read-more\"> <a class=\"\" href=\"https:\/\/olharpeloproximo.com.br\/site\/cidades-atendidas\/raul-soares-minas-gerais\/\"> <span class=\"screen-reader-text\">RAUL SOARES &#8211; MINAS GERAIS<\/span> Leia mais \u00bb<\/a><\/p>\n","protected":false},"author":1,"featured_media":0,"parent":217,"menu_order":0,"comment_status":"closed","ping_status":"closed","template":"","meta":{"site-sidebar-layout":"no-sidebar","site-content-layout":"page-builder","ast-global-header-display":"","ast-main-header-display":"","ast-hfb-above-header-display":"","ast-hfb-below-header-display":"","ast-hfb-mobile-header-display":"","site-post-title":"disabled","ast-breadcrumbs-content":"","ast-featured-img":"disabled","footer-sml-layout":"","theme-transparent-header-meta":"default","adv-header-id-meta":"","stick-header-meta":"default","header-above-stick-meta":"","header-main-stick-meta":"","header-below-stick-meta":""},"_links":{"self":[{"href":"https:\/\/olharpeloproximo.com.br\/site\/wp-json\/wp\/v2\/pages\/346"}],"collection":[{"href":"https:\/\/olharpeloproximo.com.br\/site\/wp-json\/wp\/v2\/pages"}],"about":[{"href":"https:\/\/olharpeloproximo.com.br\/site\/wp-json\/wp\/v2\/types\/page"}],"author":[{"embeddable":true,"href":"https:\/\/olharpeloproximo.com.br\/site\/wp-json\/wp\/v2\/users\/1"}],"replies":[{"embeddable":true,"href":"https:\/\/olharpeloproximo.com.br\/site\/wp-json\/wp\/v2\/comments?post=346"}],"version-history":[{"count":17,"href":"https:\/\/olharpeloproximo.com.br\/site\/wp-json\/wp\/v2\/pages\/346\/revisions"}],"predecessor-version":[{"id":702,"href":"https:\/\/olharpeloproximo.com.br\/site\/wp-json\/wp\/v2\/pages\/346\/revisions\/702"}],"up":[{"embeddable":true,"href":"https:\/\/olharpeloproximo.com.br\/site\/wp-json\/wp\/v2\/pages\/217"}],"wp:attachment":[{"href":"https:\/\/olharpeloproximo.com.br\/site\/wp-json\/wp\/v2\/media?parent=346"}],"curies":[{"name":"wp","href":"https:\/\/api.w.org\/{rel}","templated":true}]}}