{"id":387,"date":"2019-01-07T13:18:34","date_gmt":"2019-01-07T15:18:34","guid":{"rendered":"https:\/\/olharpeloproximo.com.br\/site\/?page_id=387"},"modified":"2024-12-16T09:50:01","modified_gmt":"2024-12-16T12:50:01","slug":"grao-para-santa-catarina","status":"publish","type":"page","link":"https:\/\/olharpeloproximo.com.br\/site\/cidades-atendidas\/grao-para-santa-catarina\/","title":{"rendered":"GR\u00c3O PAR\u00c1 &#8211; SANTA CATARINA"},"content":{"rendered":"\t\t<div data-elementor-type=\"wp-post\" data-elementor-id=\"387\" class=\"elementor elementor-387\" data-elementor-post-type=\"page\">\n\t\t\t\t\t\t<section class=\"elementor-section elementor-top-section elementor-element elementor-element-6c2010ca elementor-section-content-middle elementor-section-boxed elementor-section-height-default elementor-section-height-default\" data-id=\"6c2010ca\" data-element_type=\"section\" data-settings=\"{&quot;background_background&quot;:&quot;classic&quot;,&quot;shape_divider_top&quot;:&quot;mountains&quot;}\">\n\t\t\t\t\t<div class=\"elementor-shape elementor-shape-top\" data-negative=\"false\">\n\t\t\t<svg xmlns=\"http:\/\/www.w3.org\/2000\/svg\" viewBox=\"0 0 1000 100\" preserveAspectRatio=\"none\">\n\t<path class=\"elementor-shape-fill\" opacity=\"0.33\" d=\"M473,67.3c-203.9,88.3-263.1-34-320.3,0C66,119.1,0,59.7,0,59.7V0h1000v59.7 c0,0-62.1,26.1-94.9,29.3c-32.8,3.3-62.8-12.3-75.8-22.1C806,49.6,745.3,8.7,694.9,4.7S492.4,59,473,67.3z\"\/>\n\t<path class=\"elementor-shape-fill\" opacity=\"0.66\" d=\"M734,67.3c-45.5,0-77.2-23.2-129.1-39.1c-28.6-8.7-150.3-10.1-254,39.1 s-91.7-34.4-149.2,0C115.7,118.3,0,39.8,0,39.8V0h1000v36.5c0,0-28.2-18.5-92.1-18.5C810.2,18.1,775.7,67.3,734,67.3z\"\/>\n\t<path class=\"elementor-shape-fill\" d=\"M766.1,28.9c-200-57.5-266,65.5-395.1,19.5C242,1.8,242,5.4,184.8,20.6C128,35.8,132.3,44.9,89.9,52.5C28.6,63.7,0,0,0,0 h1000c0,0-9.9,40.9-83.6,48.1S829.6,47,766.1,28.9z\"\/>\n<\/svg>\t\t<\/div>\n\t\t\t\t\t<div class=\"elementor-container elementor-column-gap-no\">\n\t\t\t\t\t<div class=\"elementor-column elementor-col-100 elementor-top-column elementor-element elementor-element-6b147afe\" data-id=\"6b147afe\" data-element_type=\"column\">\n\t\t\t<div class=\"elementor-widget-wrap elementor-element-populated\">\n\t\t\t\t\t\t<div class=\"elementor-element elementor-element-33ec7309 elementor-widget elementor-widget-heading\" data-id=\"33ec7309\" data-element_type=\"widget\" data-widget_type=\"heading.default\">\n\t\t\t\t<div class=\"elementor-widget-container\">\n\t\t\t<h2 class=\"elementor-heading-title elementor-size-default\">GR\u00c3O-PAR\u00c1 - SANTA CATARINA<\/h2>\t\t<\/div>\n\t\t\t\t<\/div>\n\t\t\t\t<div class=\"elementor-element elementor-element-39d5350c elementor-widget elementor-widget-text-editor\" data-id=\"39d5350c\" data-element_type=\"widget\" data-widget_type=\"text-editor.default\">\n\t\t\t\t<div class=\"elementor-widget-container\">\n\t\t\t\t\t\t\t<p>Tivemos o privil\u00e9gio de visitar como nosso trabalho social a cidade de Gr\u00e3o-Par\u00e1 situada na regi\u00e3o sul do pa\u00eds, mais precisamente no estado de Santa Catarina, onde atendemos a popula\u00e7\u00e3o carente com muito empenho e orgulho.<\/p><p>O munic\u00edpio originou-se da Col\u00f4nia Gr\u00e3o-Par\u00e1, constitu\u00edda em terras da Princesa Isabel, filha de D. Pedro II. A sede do munic\u00edpio de Gr\u00e3o-Par\u00e1 foi instalada em 8 de julho de 1882, quando a Empresa de Terras e Coloniza\u00e7\u00e3o de Gr\u00e3o-Par\u00e1, dirigida pelo Visconde de Taunay e pelo Conde d\u2019Eu, come\u00e7ou a distribuir lotes de terras para imigrantes alem\u00e3es, italianos e poloneses. O nome foi uma homenagem dos propriet\u00e1rios da empresa ao filho do Conde d\u2019Eu, Dom Pedro de Alc\u00e2ntara de Orl\u00e9ans e Bragan\u00e7a, pr\u00edncipe do Gr\u00e3o-Par\u00e1.<\/p><p>Antes da coloniza\u00e7\u00e3o viviam na regi\u00e3o \u00edndios botocudos. As terras foram parte do presente de casamento que a princesa Isabel e o Conde d\u2019Eu receberam do imperador Dom Pedro II.<\/p>\t\t\t\t\t\t<\/div>\n\t\t\t\t<\/div>\n\t\t\t\t\t<\/div>\n\t\t<\/div>\n\t\t\t\t\t<\/div>\n\t\t<\/section>\n\t\t\t\t<section class=\"elementor-section elementor-top-section elementor-element elementor-element-2a2cb33b elementor-section-boxed elementor-section-height-default elementor-section-height-default\" data-id=\"2a2cb33b\" data-element_type=\"section\">\n\t\t\t\t\t\t<div class=\"elementor-container elementor-column-gap-default\">\n\t\t\t\t\t<div class=\"elementor-column elementor-col-33 elementor-top-column elementor-element elementor-element-1dda43b2\" data-id=\"1dda43b2\" data-element_type=\"column\">\n\t\t\t<div class=\"elementor-widget-wrap elementor-element-populated\">\n\t\t\t\t\t\t<div class=\"elementor-element elementor-element-789d76cc elementor-align-justify elementor-widget elementor-widget-button\" data-id=\"789d76cc\" data-element_type=\"widget\" data-widget_type=\"button.default\">\n\t\t\t\t<div class=\"elementor-widget-container\">\n\t\t\t\t\t<div class=\"elementor-button-wrapper\">\n\t\t\t<a class=\"elementor-button elementor-button-link elementor-size-md\" href=\"http:\/\/olharpeloproximo.com.br\/site\/fale-conosco\/\">\n\t\t\t\t\t\t<span class=\"elementor-button-content-wrapper\">\n\t\t\t\t\t\t\t\t\t<span class=\"elementor-button-text\">SOLICITE UMA VISITA<\/span>\n\t\t\t\t\t<\/span>\n\t\t\t\t\t<\/a>\n\t\t<\/div>\n\t\t\t\t<\/div>\n\t\t\t\t<\/div>\n\t\t\t\t\t<\/div>\n\t\t<\/div>\n\t\t\t\t<div class=\"elementor-column elementor-col-33 elementor-top-column elementor-element elementor-element-10dc77a8\" data-id=\"10dc77a8\" data-element_type=\"column\">\n\t\t\t<div class=\"elementor-widget-wrap elementor-element-populated\">\n\t\t\t\t\t\t<div class=\"elementor-element elementor-element-77a7f7c elementor-align-justify elementor-widget elementor-widget-button\" data-id=\"77a7f7c\" data-element_type=\"widget\" data-widget_type=\"button.default\">\n\t\t\t\t<div class=\"elementor-widget-container\">\n\t\t\t\t\t<div class=\"elementor-button-wrapper\">\n\t\t\t<a class=\"elementor-button elementor-button-link elementor-size-md\" href=\"https:\/\/api.whatsapp.com\/send?phone=5561996236939&#038;text=Ol%C3%A1,%20vi%20seu%20site%20Olhar%20Pelo%20Pr%C3%B3ximo%20e%20estou%20interessado%20em%20saber%20mais%20informa%C3%A7%C3%B5es.\">\n\t\t\t\t\t\t<span class=\"elementor-button-content-wrapper\">\n\t\t\t\t\t\t\t\t\t<span class=\"elementor-button-text\">FALE PELO WHATSAPP<\/span>\n\t\t\t\t\t<\/span>\n\t\t\t\t\t<\/a>\n\t\t<\/div>\n\t\t\t\t<\/div>\n\t\t\t\t<\/div>\n\t\t\t\t\t<\/div>\n\t\t<\/div>\n\t\t\t\t<div class=\"elementor-column elementor-col-33 elementor-top-column elementor-element elementor-element-302b286\" data-id=\"302b286\" data-element_type=\"column\">\n\t\t\t<div class=\"elementor-widget-wrap elementor-element-populated\">\n\t\t\t\t\t\t<div class=\"elementor-element elementor-element-22cacdf9 elementor-align-justify elementor-widget elementor-widget-button\" data-id=\"22cacdf9\" data-element_type=\"widget\" data-widget_type=\"button.default\">\n\t\t\t\t<div class=\"elementor-widget-container\">\n\t\t\t\t\t<div class=\"elementor-button-wrapper\">\n\t\t\t<a class=\"elementor-button elementor-button-link elementor-size-md\" href=\"http:\/\/olharpeloproximo.com.br\/site\/cidades-atendidas\/\">\n\t\t\t\t\t\t<span class=\"elementor-button-content-wrapper\">\n\t\t\t\t\t\t\t\t\t<span class=\"elementor-button-text\">CIDADES ATENDIDAS<\/span>\n\t\t\t\t\t<\/span>\n\t\t\t\t\t<\/a>\n\t\t<\/div>\n\t\t\t\t<\/div>\n\t\t\t\t<\/div>\n\t\t\t\t\t<\/div>\n\t\t<\/div>\n\t\t\t\t\t<\/div>\n\t\t<\/section>\n\t\t\t\t<section class=\"elementor-section elementor-top-section elementor-element elementor-element-e9f69fd elementor-section-boxed elementor-section-height-default elementor-section-height-default\" data-id=\"e9f69fd\" data-element_type=\"section\">\n\t\t\t\t\t\t<div class=\"elementor-container elementor-column-gap-default\">\n\t\t\t\t\t<div class=\"elementor-column elementor-col-50 elementor-top-column elementor-element elementor-element-3406e63a\" data-id=\"3406e63a\" data-element_type=\"column\">\n\t\t\t<div class=\"elementor-widget-wrap elementor-element-populated\">\n\t\t\t\t\t\t<div class=\"elementor-element elementor-element-61812ff7 gallery-spacing-custom elementor-invisible elementor-widget elementor-widget-image-gallery\" data-id=\"61812ff7\" data-element_type=\"widget\" data-settings=\"{&quot;_animation&quot;:&quot;fadeIn&quot;}\" data-widget_type=\"image-gallery.default\">\n\t\t\t\t<div class=\"elementor-widget-container\">\n\t\t\t\t\t<div class=\"elementor-image-gallery\">\n\t\t\t<div id='gallery-1' class='gallery galleryid-387 gallery-columns-2 gallery-size-large'><figure class='gallery-item'>\n\t\t\t<div class='gallery-icon portrait'>\n\t\t\t\t<a data-elementor-open-lightbox=\"yes\" data-elementor-lightbox-slideshow=\"61812ff7\" data-elementor-lightbox-title=\"WhatsApp Image 2018-12-10 at 18.03.12\" data-e-action-hash=\"#elementor-action%3Aaction%3Dlightbox%26settings%3DeyJpZCI6MzkyLCJ1cmwiOiJodHRwczpcL1wvb2xoYXJwZWxvcHJveGltby5jb20uYnJcL3NpdGVcL3dwLWNvbnRlbnRcL3VwbG9hZHNcLzIwMTlcLzAxXC9XaGF0c0FwcC1JbWFnZS0yMDE4LTEyLTEwLWF0LTE4LjAzLjEyLmpwZWciLCJzbGlkZXNob3ciOiI2MTgxMmZmNyJ9\" href='https:\/\/olharpeloproximo.com.br\/site\/wp-content\/uploads\/2019\/01\/WhatsApp-Image-2018-12-10-at-18.03.12.jpeg'><img fetchpriority=\"high\" width=\"768\" height=\"1024\" src=\"https:\/\/olharpeloproximo.com.br\/site\/wp-content\/uploads\/2019\/01\/WhatsApp-Image-2018-12-10-at-18.03.12-768x1024.jpeg\" class=\"attachment-large size-large\" alt=\"\" decoding=\"async\" srcset=\"https:\/\/olharpeloproximo.com.br\/site\/wp-content\/uploads\/2019\/01\/WhatsApp-Image-2018-12-10-at-18.03.12.jpeg 768w, https:\/\/olharpeloproximo.com.br\/site\/wp-content\/uploads\/2019\/01\/WhatsApp-Image-2018-12-10-at-18.03.12-225x300.jpeg 225w\" sizes=\"(max-width: 768px) 100vw, 768px\" \/><\/a>\n\t\t\t<\/div><\/figure><figure class='gallery-item'>\n\t\t\t<div class='gallery-icon portrait'>\n\t\t\t\t<a data-elementor-open-lightbox=\"yes\" data-elementor-lightbox-slideshow=\"61812ff7\" data-elementor-lightbox-title=\"WhatsApp Image 2018-12-10 at 18.03.11\" data-e-action-hash=\"#elementor-action%3Aaction%3Dlightbox%26settings%3DeyJpZCI6MzkwLCJ1cmwiOiJodHRwczpcL1wvb2xoYXJwZWxvcHJveGltby5jb20uYnJcL3NpdGVcL3dwLWNvbnRlbnRcL3VwbG9hZHNcLzIwMTlcLzAxXC9XaGF0c0FwcC1JbWFnZS0yMDE4LTEyLTEwLWF0LTE4LjAzLjExLmpwZWciLCJzbGlkZXNob3ciOiI2MTgxMmZmNyJ9\" href='https:\/\/olharpeloproximo.com.br\/site\/wp-content\/uploads\/2019\/01\/WhatsApp-Image-2018-12-10-at-18.03.11.jpeg'><img width=\"768\" height=\"1024\" src=\"https:\/\/olharpeloproximo.com.br\/site\/wp-content\/uploads\/2019\/01\/WhatsApp-Image-2018-12-10-at-18.03.11-768x1024.jpeg\" class=\"attachment-large size-large\" alt=\"\" decoding=\"async\" srcset=\"https:\/\/olharpeloproximo.com.br\/site\/wp-content\/uploads\/2019\/01\/WhatsApp-Image-2018-12-10-at-18.03.11.jpeg 768w, https:\/\/olharpeloproximo.com.br\/site\/wp-content\/uploads\/2019\/01\/WhatsApp-Image-2018-12-10-at-18.03.11-225x300.jpeg 225w\" sizes=\"(max-width: 768px) 100vw, 768px\" \/><\/a>\n\t\t\t<\/div><\/figure>\n\t\t<\/div>\n\t\t<\/div>\n\t\t\t\t<\/div>\n\t\t\t\t<\/div>\n\t\t\t\t\t<\/div>\n\t\t<\/div>\n\t\t\t\t<div class=\"elementor-column elementor-col-50 elementor-top-column elementor-element elementor-element-60b3f47\" data-id=\"60b3f47\" data-element_type=\"column\">\n\t\t\t<div class=\"elementor-widget-wrap elementor-element-populated\">\n\t\t\t\t\t\t<div class=\"elementor-element elementor-element-aaccaa8 elementor-widget elementor-widget-video\" data-id=\"aaccaa8\" data-element_type=\"widget\" data-settings=\"{&quot;video_type&quot;:&quot;hosted&quot;,&quot;controls&quot;:&quot;yes&quot;}\" data-widget_type=\"video.default\">\n\t\t\t\t<div class=\"elementor-widget-container\">\n\t\t\t\t\t<div class=\"e-hosted-video elementor-wrapper elementor-open-inline\">\n\t\t\t\t\t<video class=\"elementor-video\" src=\"https:\/\/olharpeloproximo.com.br\/site\/wp-content\/uploads\/2019\/01\/WhatsApp-Video-2018-12-10-at-18.03.13.mp4\" controls=\"\" preload=\"metadata\" controlsList=\"nodownload\"><\/video>\n\t\t\t\t<\/div>\n\t\t\t\t<\/div>\n\t\t\t\t<\/div>\n\t\t\t\t\t<\/div>\n\t\t<\/div>\n\t\t\t\t\t<\/div>\n\t\t<\/section>\n\t\t\t\t<\/div>\n\t\t","protected":false},"excerpt":{"rendered":"<p>GR\u00c3O-PAR\u00c1 &#8211; SANTA CATARINA Tivemos o privil\u00e9gio de visitar como nosso trabalho social a cidade de Gr\u00e3o-Par\u00e1 situada na regi\u00e3o sul do pa\u00eds, mais precisamente no estado de Santa Catarina, onde atendemos a popula\u00e7\u00e3o carente com muito empenho e orgulho. O munic\u00edpio originou-se da Col\u00f4nia Gr\u00e3o-Par\u00e1, constitu\u00edda em terras da Princesa Isabel, filha de D. &hellip;<\/p>\n<p class=\"read-more\"> <a class=\"\" href=\"https:\/\/olharpeloproximo.com.br\/site\/cidades-atendidas\/grao-para-santa-catarina\/\"> <span class=\"screen-reader-text\">GR\u00c3O PAR\u00c1 &#8211; SANTA CATARINA<\/span> Leia mais \u00bb<\/a><\/p>\n","protected":false},"author":1,"featured_media":0,"parent":217,"menu_order":0,"comment_status":"closed","ping_status":"closed","template":"","meta":{"site-sidebar-layout":"no-sidebar","site-content-layout":"page-builder","ast-global-header-display":"","ast-main-header-display":"","ast-hfb-above-header-display":"","ast-hfb-below-header-display":"","ast-hfb-mobile-header-display":"","site-post-title":"disabled","ast-breadcrumbs-content":"","ast-featured-img":"disabled","footer-sml-layout":"","theme-transparent-header-meta":"default","adv-header-id-meta":"","stick-header-meta":"default","header-above-stick-meta":"","header-main-stick-meta":"","header-below-stick-meta":""},"_links":{"self":[{"href":"https:\/\/olharpeloproximo.com.br\/site\/wp-json\/wp\/v2\/pages\/387"}],"collection":[{"href":"https:\/\/olharpeloproximo.com.br\/site\/wp-json\/wp\/v2\/pages"}],"about":[{"href":"https:\/\/olharpeloproximo.com.br\/site\/wp-json\/wp\/v2\/types\/page"}],"author":[{"embeddable":true,"href":"https:\/\/olharpeloproximo.com.br\/site\/wp-json\/wp\/v2\/users\/1"}],"replies":[{"embeddable":true,"href":"https:\/\/olharpeloproximo.com.br\/site\/wp-json\/wp\/v2\/comments?post=387"}],"version-history":[{"count":7,"href":"https:\/\/olharpeloproximo.com.br\/site\/wp-json\/wp\/v2\/pages\/387\/revisions"}],"predecessor-version":[{"id":699,"href":"https:\/\/olharpeloproximo.com.br\/site\/wp-json\/wp\/v2\/pages\/387\/revisions\/699"}],"up":[{"embeddable":true,"href":"https:\/\/olharpeloproximo.com.br\/site\/wp-json\/wp\/v2\/pages\/217"}],"wp:attachment":[{"href":"https:\/\/olharpeloproximo.com.br\/site\/wp-json\/wp\/v2\/media?parent=387"}],"curies":[{"name":"wp","href":"https:\/\/api.w.org\/{rel}","templated":true}]}}